{"id":901,"date":"2025-12-01T18:03:42","date_gmt":"2025-12-01T17:03:42","guid":{"rendered":"https:\/\/leakdetectionmalta.com\/?page_id=901"},"modified":"2025-12-01T18:04:31","modified_gmt":"2025-12-01T17:04:31","slug":"water-leak-detection-in-gzira-facade-internal-leak-experts","status":"publish","type":"page","link":"https:\/\/leakdetectionmalta.com\/?page_id=901","title":{"rendered":"Water Leak Detection in G\u017cira \u2013 Fa\u00e7ade &amp; Internal Leak Experts"},"content":{"rendered":"\t\t<div data-elementor-type=\"wp-page\" data-elementor-id=\"901\" class=\"elementor elementor-901\">\n\t\t\t\t\t\t\t\t\t<section class=\"elementor-section elementor-top-section elementor-element elementor-element-507b623d elementor-section-boxed elementor-section-height-default elementor-section-height-default\" data-id=\"507b623d\" data-element_type=\"section\">\n\t\t\t\t\t\t<div class=\"elementor-container elementor-column-gap-default\">\n\t\t\t\t\t<div class=\"elementor-column elementor-col-100 elementor-top-column elementor-element elementor-element-544f9137\" data-id=\"544f9137\" data-element_type=\"column\">\n\t\t\t<div class=\"elementor-widget-wrap elementor-element-populated\">\n\t\t\t\t\t\t\t\t<div class=\"elementor-element elementor-element-268aded9 elementor-widget elementor-widget-text-editor\" data-id=\"268aded9\" data-element_type=\"widget\" data-widget_type=\"text-editor.default\">\n\t\t\t\t<div class=\"elementor-widget-container\">\n\t\t\t<style>\/*! elementor - v3.13.2 - 11-05-2023 *\/\n.elementor-widget-text-editor.elementor-drop-cap-view-stacked .elementor-drop-cap{background-color:#69727d;color:#fff}.elementor-widget-text-editor.elementor-drop-cap-view-framed .elementor-drop-cap{color:#69727d;border:3px solid;background-color:transparent}.elementor-widget-text-editor:not(.elementor-drop-cap-view-default) .elementor-drop-cap{margin-top:8px}.elementor-widget-text-editor:not(.elementor-drop-cap-view-default) .elementor-drop-cap-letter{width:1em;height:1em}.elementor-widget-text-editor .elementor-drop-cap{float:left;text-align:center;line-height:1;font-size:50px}.elementor-widget-text-editor .elementor-drop-cap-letter{display:inline-block}<\/style>\t\t\t\t<!-- wp:paragraph -->\n<p>G\u017cira flats frequently suffer from fa\u00e7ade cracks, balcony leaks and hidden riser issues. Our <strong>leak detection in G\u017cira<\/strong> uses thermal imaging to connect exterior defects with interior staining.<\/p>\n<!-- \/wp:paragraph --><!-- wp:list -->\n<ul class=\"wp-block-list\"><!-- wp:list-item -->\n<li>Non-destructive scans of walls, ceilings and fa\u00e7ades<\/li>\n<!-- \/wp:list-item --><!-- wp:list-item -->\n<li>Ideal for resolving owner vs. fa\u00e7ade responsibility<\/li>\n<!-- \/wp:list-item --><!-- wp:list-item -->\n<li>Suitable for residential and commercial premises<\/li>\n<!-- \/wp:list-item --><\/ul>\n<!-- \/wp:list --><!-- wp:paragraph -->\n<p>If you\u2019ve noticed a persistent indoor stain or damp smell, we\u2019ll find out exactly why.<\/p>\n<!-- \/wp:paragraph -->\t\t\t\t\t\t<\/div>\n\t\t\t\t<\/div>\n\t\t\t\t\t<\/div>\n\t\t<\/div>\n\t\t\t\t\t\t\t<\/div>\n\t\t<\/section>\n\t\t\t\t<section class=\"elementor-section elementor-top-section elementor-element elementor-element-46557f1 elementor-section-boxed elementor-section-height-default elementor-section-height-default\" data-id=\"46557f1\" data-element_type=\"section\">\n\t\t\t\t\t\t<div class=\"elementor-container elementor-column-gap-default\">\n\t\t\t\t\t<div class=\"elementor-column elementor-col-100 elementor-top-column elementor-element elementor-element-5249f06\" data-id=\"5249f06\" data-element_type=\"column\">\n\t\t\t<div class=\"elementor-widget-wrap elementor-element-populated\">\n\t\t\t\t\t\t\t\t<div class=\"elementor-element elementor-element-60bd7c1 elementor-cta--skin-classic elementor-animated-content elementor-bg-transform elementor-bg-transform-zoom-in elementor-widget elementor-widget-call-to-action\" data-id=\"60bd7c1\" data-element_type=\"widget\" data-widget_type=\"call-to-action.default\">\n\t\t\t\t<div class=\"elementor-widget-container\">\n\t\t\t<link rel=\"stylesheet\" href=\"https:\/\/leakdetectionmalta.com\/wp-content\/plugins\/elementor-pro\/assets\/css\/widget-call-to-action.min.css\">\t\t<a class=\"elementor-cta\" href=\"https:\/\/leakdetectionmalta.com\/?page_id=232&#038;swcfpc=1\">\n\t\t\t\t\t<div class=\"elementor-cta__bg-wrapper\">\n\t\t\t\t<div class=\"elementor-cta__bg elementor-bg\" style=\"background-image: url(https:\/\/leakdetectionmalta.com\/wp-content\/uploads\/2024\/10\/Water-Leak-Detection_subpage-hero.jpg);\" role=\"img\" aria-label=\"Water-Leak-Detection\"><\/div>\n\t\t\t\t<div class=\"elementor-cta__bg-overlay\"><\/div>\n\t\t\t<\/div>\n\t\t\t\t\t\t\t<div class=\"elementor-cta__content\">\n\t\t\t\t\n\t\t\t\t<h2 class=\"elementor-cta__title elementor-cta__content-item elementor-content-item\">Call now for leak detection in Gzira or request a thermal imaging survey today.<\/h2>\n\t\t\t\t\n\t\t\t\t\t\t\t\t\t<div class=\"elementor-cta__button-wrapper elementor-cta__content-item elementor-content-item \">\n\t\t\t\t\t<span class=\"elementor-cta__button elementor-button elementor-size-sm\">\n\t\t\t\t\t\tClick Here\t\t\t\t\t<\/span>\n\t\t\t\t\t<\/div>\n\t\t\t\t\t\t\t<\/div>\n\t\t\t\t\t\t<\/a>\n\t\t\t\t<\/div>\n\t\t\t\t<\/div>\n\t\t\t\t\t<\/div>\n\t\t<\/div>\n\t\t\t\t\t\t\t<\/div>\n\t\t<\/section>\n\t\t\t\t\t\t\t<\/div>\n\t\t","protected":false},"excerpt":{"rendered":"<p>G\u017cira flats frequently suffer from fa\u00e7ade cracks, balcony leaks and hidden riser issues. Our leak detection in G\u017cira uses thermal imaging to connect exterior defects with interior staining. If you\u2019ve noticed a persistent indoor stain or damp smell, we\u2019ll find out exactly why. Call now for leak detection in Gzira or request a thermal imaging [&hellip;]<\/p>\n","protected":false},"author":1,"featured_media":0,"parent":0,"menu_order":0,"comment_status":"closed","ping_status":"closed","template":"","meta":{"footnotes":""},"class_list":["post-901","page","type-page","status-publish","hentry"],"_links":{"self":[{"href":"https:\/\/leakdetectionmalta.com\/index.php?rest_route=\/wp\/v2\/pages\/901","targetHints":{"allow":["GET"]}}],"collection":[{"href":"https:\/\/leakdetectionmalta.com\/index.php?rest_route=\/wp\/v2\/pages"}],"about":[{"href":"https:\/\/leakdetectionmalta.com\/index.php?rest_route=\/wp\/v2\/types\/page"}],"author":[{"embeddable":true,"href":"https:\/\/leakdetectionmalta.com\/index.php?rest_route=\/wp\/v2\/users\/1"}],"replies":[{"embeddable":true,"href":"https:\/\/leakdetectionmalta.com\/index.php?rest_route=%2Fwp%2Fv2%2Fcomments&post=901"}],"version-history":[{"count":4,"href":"https:\/\/leakdetectionmalta.com\/index.php?rest_route=\/wp\/v2\/pages\/901\/revisions"}],"predecessor-version":[{"id":906,"href":"https:\/\/leakdetectionmalta.com\/index.php?rest_route=\/wp\/v2\/pages\/901\/revisions\/906"}],"wp:attachment":[{"href":"https:\/\/leakdetectionmalta.com\/index.php?rest_route=%2Fwp%2Fv2%2Fmedia&parent=901"}],"curies":[{"name":"wp","href":"https:\/\/api.w.org\/{rel}","templated":true}]}}